{"id":1307,"date":"2021-04-02T18:48:20","date_gmt":"2021-04-02T18:48:20","guid":{"rendered":"http:\/\/automartin.cz\/?page_id=1307"},"modified":"2021-09-03T21:05:25","modified_gmt":"2021-09-03T19:05:25","slug":"2021_01_07_mclaren_650s","status":"publish","type":"page","link":"http:\/\/automartin.cz\/en\/2021_01_07_mclaren_650s\/","title":{"rendered":"2021_01_07_McLaren_650S"},"content":{"rendered":"<p>[et_pb_section fb_built=&#8220;1&#8243; custom_padding_last_edited=&#8220;on|tablet&#8220; admin_label=&#8220;Hero&#8220; _builder_version=&#8220;4.6.1&#8243; custom_padding=&#8220;80px|0px|54px|0px|false|false&#8220; custom_padding_tablet=&#8220;40px||20px||false|false&#8220; custom_padding_phone=&#8220;20px||0px||false|false&#8220;][et_pb_row _builder_version=&#8220;4.6.1&#8243; background_size=&#8220;initial&#8220; background_position=&#8220;top_left&#8220; background_repeat=&#8220;repeat&#8220; max_width=&#8220;700px&#8220; use_custom_width=&#8220;on&#8220; custom_width_px=&#8220;700px&#8220;][et_pb_column type=&#8220;4_4&#8243; _builder_version=&#8220;3.25&#8243; custom_padding=&#8220;|||&#8220; custom_padding__hover=&#8220;|||&#8220;][et_pb_text _builder_version=&#8220;4.6.1&#8243; text_font=&#8220;Teko||||||||&#8220; text_text_color=&#8220;#c10f1b&#8220; text_font_size=&#8220;33px&#8220; text_line_height=&#8220;1.2em&#8220; ul_font=&#8220;||||||||&#8220; header_font=&#8220;Teko|||on|||||&#8220; header_font_size=&#8220;96px&#8220; header_letter_spacing=&#8220;2px&#8220; header_line_height=&#8220;0.9em&#8220; text_orientation=&#8220;center&#8220; custom_margin=&#8220;|||&#8220; hover_enabled=&#8220;0&#8243; header_font_size_tablet=&#8220;66px&#8220; header_font_size_phone=&#8220;36px&#8220; header_font_size_last_edited=&#8220;on|phone&#8220; sticky_enabled=&#8220;0&#8243;]<\/p>\n<h1>McLaren 650S Spider<\/h1>\n<p>7.250.925 K\u010d v\u010d. DPH<\/p>\n<h3>5.992.500 K\u010d bez DPH<\/h3>\n<p>[\/et_pb_text][\/et_pb_column][\/et_pb_row][\/et_pb_section][et_pb_section fb_built=&#8220;1&#8243; fullwidth=&#8220;on&#8220; _builder_version=&#8220;4.6.1&#8243; bottom_divider_style=&#8220;arrow&#8220; bottom_divider_color=&#8220;#ffffff&#8220; bottom_divider_height_tablet=&#8220;100px&#8220; bottom_divider_height_phone=&#8220;50px&#8220; bottom_divider_height_last_edited=&#8220;on|phone&#8220; animation_style=&#8220;slide&#8220; animation_direction=&#8220;top&#8220; animation_intensity_slide=&#8220;4%&#8220;][et_pb_fullwidth_image src=&#8220;http:\/\/automartin.cz\/wp-content\/uploads\/2021\/04\/2021-01_McLaren_MAIN.jpg&#8220; title_text=&#8220;2021-01_McLaren_MAIN&#8220; _builder_version=&#8220;4.6.1&#8243;][\/et_pb_fullwidth_image][\/et_pb_section][et_pb_section fb_built=&#8220;1&#8243; custom_padding_last_edited=&#8220;on|tablet&#8220; admin_label=&#8220;Features&#8220; _builder_version=&#8220;4.6.1&#8243; custom_padding=&#8220;|||&#8220; custom_padding_tablet=&#8220;0px||||false|false&#8220; custom_padding_phone=&#8220;&#8220;][et_pb_row custom_padding_last_edited=&#8220;on|phone&#8220; _builder_version=&#8220;4.6.1&#8243; custom_margin=&#8220;|||&#8220; custom_padding_tablet=&#8220;||0px||false|false&#8220; custom_padding_phone=&#8220;&#8220;][et_pb_column type=&#8220;4_4&#8243; _builder_version=&#8220;4.6.1&#8243; custom_padding=&#8220;|||&#8220; custom_padding__hover=&#8220;|||&#8220;][et_pb_text admin_label=&#8220;Title&#8220; _builder_version=&#8220;4.6.1&#8243; header_font=&#8220;||||||||&#8220; header_3_font=&#8220;Teko||||||||&#8220; header_3_font_size=&#8220;40px&#8220; header_3_line_height=&#8220;1.2em&#8220; custom_margin=&#8220;||15px|&#8220; border_color_all=&#8220;rgba(51,51,51,0.12)&#8220; border_width_bottom=&#8220;1px&#8220;]<\/p>\n<h3>Vehicle information<\/h3>\n<p>[\/et_pb_text][\/et_pb_column][\/et_pb_row][et_pb_row column_structure=&#8220;1_4,1_4,1_4,1_4&#8243; admin_label=&#8220;Main Specs&#8220; _builder_version=&#8220;3.25&#8243;][et_pb_column type=&#8220;1_4&#8243; _builder_version=&#8220;3.25&#8243; custom_padding=&#8220;|||&#8220; custom_padding__hover=&#8220;|||&#8220;][et_pb_blurb title=&#8220;N\u00e1jezd&#8220; _builder_version=&#8220;4.6.1&#8243; header_level=&#8220;h3&#8243; header_font=&#8220;Teko|500|||||||&#8220; body_font=&#8220;Lato||||||||&#8220; body_font_size=&#8220;16px&#8220; body_line_height=&#8220;1.8em&#8220; text_orientation=&#8220;center&#8220;]<\/p>\n<p><span>100 km<\/span><\/p>\n<p>[\/et_pb_blurb][\/et_pb_column][et_pb_column type=&#8220;1_4&#8243; _builder_version=&#8220;3.25&#8243; custom_padding=&#8220;|||&#8220; custom_padding__hover=&#8220;|||&#8220;][et_pb_blurb title=&#8220;Barva&#8220; _builder_version=&#8220;4.6.1&#8243; header_level=&#8220;h3&#8243; header_font=&#8220;Teko|500|||||||&#8220; body_font=&#8220;Lato||||||||&#8220; body_font_size=&#8220;16px&#8220; body_line_height=&#8220;1.8em&#8220; text_orientation=&#8220;center&#8220; locked=&#8220;off&#8220;]<\/p>\n<p><span>gray metalic<\/span><\/p>\n<p>[\/et_pb_blurb][\/et_pb_column][et_pb_column type=&#8220;1_4&#8243; _builder_version=&#8220;3.25&#8243; custom_padding=&#8220;|||&#8220; custom_padding__hover=&#8220;|||&#8220;][et_pb_blurb title=&#8220;V\u00fdkon&#8220; _builder_version=&#8220;4.6.1&#8243; header_level=&#8220;h3&#8243; header_font=&#8220;Teko|500|||||||&#8220; body_font=&#8220;Lato||||||||&#8220; body_font_size=&#8220;16px&#8220; body_line_height=&#8220;1.8em&#8220; text_orientation=&#8220;center&#8220; locked=&#8220;off&#8220;]<\/p>\n<p><span>478 kW (650 HP)<\/span><\/p>\n<p>[\/et_pb_blurb][\/et_pb_column][et_pb_column type=&#8220;1_4&#8243; _builder_version=&#8220;3.25&#8243; custom_padding=&#8220;|||&#8220; custom_padding__hover=&#8220;|||&#8220;][et_pb_blurb title=&#8220;Rok v\u00fdroby&#8220; _builder_version=&#8220;4.6.1&#8243; header_level=&#8220;h3&#8243; header_font=&#8220;Teko|500|||||||&#8220; body_font=&#8220;Lato||||||||&#8220; body_font_size=&#8220;16px&#8220; body_line_height=&#8220;1.8em&#8220; text_orientation=&#8220;center&#8220; locked=&#8220;off&#8220;]<\/p>\n<p><span>2017<\/span><\/p>\n<p>[\/et_pb_blurb][\/et_pb_column][\/et_pb_row][et_pb_row _builder_version=&#8220;4.6.1&#8243; custom_margin=&#8220;|||&#8220; custom_padding=&#8220;0|0px|27px|0px|false|false&#8220;][et_pb_column type=&#8220;4_4&#8243; _builder_version=&#8220;3.25&#8243; custom_padding=&#8220;|||&#8220; custom_padding__hover=&#8220;|||&#8220;][et_pb_text _builder_version=&#8220;4.6.1&#8243; text_font=&#8220;Lato||||||||&#8220; text_font_size=&#8220;18px&#8220; text_line_height=&#8220;1.8em&#8220; text_orientation=&#8220;center&#8220; custom_margin=&#8220;43px|||||&#8220; custom_margin_tablet=&#8220;22px||||false|false&#8220; custom_margin_phone=&#8220;&#8220; custom_margin_last_edited=&#8220;on|phone&#8220;]<\/p>\n<p><strong>a unique combination of a special color of wheels and carbon accessories<\/strong><\/p>\n<p><span>first owner I not crashed I service book I new vehicle I special color Storm Gray I lift system I camera I aluminum wheels Stealth I car from private collection I condition 1A I ceramic paint protection I original tarpaulin and charging device I must see I hands free<\/span><\/p>\n<p>&nbsp;<\/p>\n<p>[\/et_pb_text][\/et_pb_column][\/et_pb_row][\/et_pb_section][et_pb_section fb_built=&#8220;1&#8243; admin_label=&#8220;Video&#8220; _builder_version=&#8220;4.6.1&#8243; background_color=&#8220;#f7f7f7&#8243; custom_padding=&#8220;0px||0px||true|false&#8220; box_shadow_style=&#8220;preset7&#8243; box_shadow_horizontal=&#8220;0px&#8220; box_shadow_vertical=&#8220;150px&#8220; box_shadow_color=&#8220;#ffffff&#8220;][et_pb_row module_class=&#8220; et_pb_row_fullwidth&#8220; _builder_version=&#8220;4.6.1&#8243; width=&#8220;89%&#8220; width_tablet=&#8220;80%&#8220; width_phone=&#8220;&#8220; width_last_edited=&#8220;on|desktop&#8220; max_width=&#8220;89%&#8220; max_width_tablet=&#8220;80%&#8220; max_width_phone=&#8220;&#8220; max_width_last_edited=&#8220;on|desktop&#8220; custom_padding=&#8220;0px||0px||true&#8220; make_fullwidth=&#8220;on&#8220;][et_pb_column type=&#8220;4_4&#8243; _builder_version=&#8220;4.6.1&#8243; custom_padding=&#8220;|||&#8220; custom_padding__hover=&#8220;|||&#8220;][et_pb_gallery gallery_ids=&#8220;1312,1313,1314,1315,1316,1317,1318,1319,1320,1321,1322,1323,1324,1325,1326,1327,1328,1329,1330,1331,1332,1333,1334,1335,1410,1411,1528,1529,1530,1531,1532,1533,1534,1535,1536,1537,1538,1539,1540,1541,1542,1543,1544,1545,1546,1547,1548,1549,1550,1551,1552,1553,1554,1555,1556,1557&#8243; posts_number=&#8220;50&#8243; show_title_and_caption=&#8220;off&#8220; show_pagination=&#8220;off&#8220; zoom_icon_color=&#8220;#E02B20&#8243; hover_overlay_color=&#8220;rgba(0,0,0,0.6)&#8220; hover_icon=&#8220;%%204%%&#8220; _builder_version=&#8220;4.6.1&#8243; _module_preset=&#8220;default&#8220; custom_css_gallery_item=&#8220;width: 20% !important;||margin: 0 !important;||clear: none !important;&#8220;][\/et_pb_gallery][\/et_pb_column][\/et_pb_row][et_pb_row _builder_version=&#8220;4.6.1&#8243; _module_preset=&#8220;default&#8220;][et_pb_column type=&#8220;4_4&#8243; _builder_version=&#8220;4.6.1&#8243; _module_preset=&#8220;default&#8220;][\/et_pb_column][\/et_pb_row][\/et_pb_section][et_pb_section fb_built=&#8220;1&#8243; specialty=&#8220;on&#8220; padding_1_tablet=&#8220;&#8220; padding_2_tablet=&#8220;&#8220; padding_1_phone=&#8220;150px|60px|0px|10%|false|false&#8220; padding_2_phone=&#8220;50px||200px||false|false&#8220; padding_1_last_edited=&#8220;on|phone&#8220; padding_2_last_edited=&#8220;on|phone&#8220; admin_label=&#8220;Footer&#8220; _builder_version=&#8220;4.6.1&#8243; _module_preset=&#8220;6344b1a6-ad56-4d0a-badc-217bda7b0327&#8243; bottom_divider_height=&#8220;48px&#8220; bottom_divider_style_tablet=&#8220;&#8220; bottom_divider_style_phone=&#8220;&#8220; bottom_divider_style_last_edited=&#8220;on|phone&#8220; make_fullwidth=&#8220;on&#8220; global_module=&#8220;349&#8243; saved_tabs=&#8220;all&#8220; collapsed=&#8220;on&#8220;][et_pb_column type=&#8220;1_2&#8243; specialty_columns=&#8220;2&#8243; _builder_version=&#8220;3.25&#8243; custom_padding=&#8220;|||&#8220; padding_tablet=&#8220;|0%||0%||true&#8220; padding_last_edited=&#8220;on|desktop&#8220; custom_padding__hover=&#8220;|||&#8220;][et_pb_row_inner _builder_version=&#8220;3.25&#8243; custom_padding=&#8220;0|0px|0|0px|true|false&#8220;][et_pb_column_inner saved_specialty_column_type=&#8220;1_2&#8243; _builder_version=&#8220;3.25&#8243; custom_padding=&#8220;|||&#8220; custom_padding__hover=&#8220;|||&#8220;][et_pb_text _builder_version=&#8220;4.6.1&#8243; text_font=&#8220;Lato||||||||&#8220; text_font_size=&#8220;22px&#8220; text_line_height=&#8220;1.8em&#8220; header_font=&#8220;||||||||&#8220; header_2_font=&#8220;Teko||||||||&#8220; header_2_font_size=&#8220;96px&#8220; background_layout=&#8220;dark&#8220; custom_margin=&#8220;|||&#8220; header_2_font_size_tablet=&#8220;66px&#8220; header_2_font_size_phone=&#8220;36px&#8220; header_2_font_size_last_edited=&#8220;on|phone&#8220; locked=&#8220;off&#8220;]<\/p>\n<h2>GET IN TOUCH<\/h2>\n<p>[\/et_pb_text][et_pb_text _builder_version=&#8220;4.6.1&#8243; text_font=&#8220;Teko|300|||||||&#8220; text_font_size=&#8220;35px&#8220; text_line_height=&#8220;1em&#8220; header_5_font=&#8220;Teko|500|||||||&#8220; header_5_font_size=&#8220;40px&#8220; background_layout=&#8220;dark&#8220; custom_margin=&#8220;|||&#8220; locked=&#8220;off&#8220;]<\/p>\n<h5><img loading=\"lazy\" decoding=\"async\" src=\"http:\/\/test.petrm.com\/wp-content\/uploads\/2021\/01\/vlajky_jazyky_Martin.png\" width=\"236\" height=\"24\" alt=\"\" class=\"wp-image-234 alignnone size-full\" \/><br \/> Martin Klein<\/h5>\n<h1>Tel. \u00a0+420 602 737 777<br \/> automartin@seznam.cz<br \/> automartin@iol.cz<\/h1>\n<p>[\/et_pb_text][et_pb_divider color=&#8220;#ffffff&#8220; divider_position=&#8220;center&#8220; _builder_version=&#8220;4.6.1&#8243; _module_preset=&#8220;default&#8220; custom_margin=&#8220;23px||23px||true|false&#8220;][\/et_pb_divider][et_pb_text _builder_version=&#8220;4.6.1&#8243; text_font=&#8220;Teko|300|||||||&#8220; text_font_size=&#8220;35px&#8220; text_line_height=&#8220;1em&#8220; header_5_font=&#8220;Teko|500|||||||&#8220; header_5_font_size=&#8220;40px&#8220; background_layout=&#8220;dark&#8220; custom_margin=&#8220;|||&#8220; locked=&#8220;off&#8220;]<\/p>\n<h1><\/h1>\n<h1><img loading=\"lazy\" decoding=\"async\" src=\"http:\/\/test.petrm.com\/wp-content\/uploads\/2021\/01\/vlajky_jazyky_Petr2.png\" width=\"236\" height=\"24\" alt=\"\" class=\"wp-image-255 alignnone size-full\" \/><br \/> Tel. +420 724 825 465<\/h1>\n<p>[\/et_pb_text][et_pb_divider color=&#8220;#ffffff&#8220; divider_position=&#8220;center&#8220; _builder_version=&#8220;4.6.1&#8243; _module_preset=&#8220;default&#8220; custom_margin=&#8220;23px||23px||true|false&#8220;][\/et_pb_divider][et_pb_text _builder_version=&#8220;4.6.1&#8243; text_font=&#8220;Teko|300|||||||&#8220; text_font_size=&#8220;35px&#8220; text_line_height=&#8220;1em&#8220; header_5_font=&#8220;Teko|500|||||||&#8220; header_5_font_size=&#8220;40px&#8220; background_layout=&#8220;dark&#8220; custom_margin=&#8220;|||&#8220; locked=&#8220;off&#8220;]<\/p>\n<h3><em>Consultant for motorbikes and racing cars<\/em><\/h3>\n<h1><img loading=\"lazy\" decoding=\"async\" src=\"http:\/\/test.petrm.com\/wp-content\/uploads\/2021\/01\/vlajky_jazyky_Petr2.png\" width=\"236\" height=\"24\" alt=\"\" class=\"wp-image-255 alignnone size-full\" \/><\/h1>\n<h1>Petr Klein<\/h1>\n<h1>Tel.\u00a0+420 608 305 588<\/h1>\n<p>[\/et_pb_text][et_pb_divider color=&#8220;#ffffff&#8220; divider_position=&#8220;center&#8220; _builder_version=&#8220;4.6.1&#8243; _module_preset=&#8220;default&#8220; custom_margin=&#8220;23px||23px||true|false&#8220;][\/et_pb_divider][\/et_pb_column_inner][\/et_pb_row_inner][et_pb_row_inner column_structure=&#8220;1_3,1_3,1_3&#8243; use_custom_gutter=&#8220;on&#8220; gutter_width=&#8220;2&#8243; _builder_version=&#8220;4.6.1&#8243; custom_padding=&#8220;3px|||||&#8220;][et_pb_column_inner type=&#8220;1_3&#8243; saved_specialty_column_type=&#8220;1_2&#8243; _builder_version=&#8220;3.25&#8243; custom_padding=&#8220;|||&#8220; custom_padding__hover=&#8220;|||&#8220;][et_pb_text _builder_version=&#8220;4.6.1&#8243; text_font=&#8220;Lato||||||||&#8220; text_font_size=&#8220;18px&#8220; text_line_height=&#8220;1.2em&#8220; header_font=&#8220;||||||||&#8220; header_4_font=&#8220;Teko|600|||||||&#8220; header_4_font_size=&#8220;30px&#8220; background_layout=&#8220;dark&#8220; width=&#8220;100%&#8220; custom_margin=&#8220;|||&#8220; locked=&#8220;off&#8220;]<\/p>\n<h4>Adress<\/h4>\n<p><span class=\"street-address\">Za Ml\u00fdnem 203<\/span><br \/> <span class=\"postal-code\">751 19<\/span><span> <\/span><span class=\"locality\">Vlko\u0161<br \/>Czech Republic<\/span><\/p>\n<p>[\/et_pb_text][\/et_pb_column_inner][et_pb_column_inner type=&#8220;1_3&#8243; saved_specialty_column_type=&#8220;1_2&#8243; _builder_version=&#8220;3.25&#8243; custom_padding=&#8220;|||&#8220; custom_padding__hover=&#8220;|||&#8220;][et_pb_text _builder_version=&#8220;4.6.1&#8243; text_font=&#8220;Lato||||||||&#8220; text_font_size=&#8220;18px&#8220; text_line_height=&#8220;1.2em&#8220; header_font=&#8220;||||||||&#8220; header_4_font=&#8220;Teko|600|||||||&#8220; header_4_font_size=&#8220;30px&#8220; background_layout=&#8220;dark&#8220; custom_margin=&#8220;|||&#8220; locked=&#8220;off&#8220;]<\/p>\n<h4>\u00a0<\/h4>\n<p><span class=\"locality\">I\u010c: 16611268<br \/> DI\u010c: CZ7110155074<\/span><\/p>\n<p>[\/et_pb_text][\/et_pb_column_inner][et_pb_column_inner type=&#8220;1_3&#8243; saved_specialty_column_type=&#8220;1_2&#8243; _builder_version=&#8220;3.25&#8243; custom_padding=&#8220;|||&#8220; custom_padding__hover=&#8220;|||&#8220;][et_pb_text _builder_version=&#8220;4.6.1&#8243; text_font=&#8220;Lato||||||||&#8220; text_font_size=&#8220;18px&#8220; text_line_height=&#8220;1.2em&#8220; header_font=&#8220;||||||||&#8220; header_4_font=&#8220;Teko|600|||||||&#8220; header_4_font_size=&#8220;30px&#8220; background_layout=&#8220;dark&#8220; custom_margin=&#8220;|||&#8220; locked=&#8220;off&#8220;][\/et_pb_text][\/et_pb_column_inner][\/et_pb_row_inner][\/et_pb_column][et_pb_column type=&#8220;1_2&#8243; _builder_version=&#8220;3.25&#8243; background_color=&#8220;#c10f1b&#8220; custom_padding=&#8220;|||&#8220; padding_tablet=&#8220;40px|10%|100px|10%||true&#8220; padding_last_edited=&#8220;on|desktop&#8220; custom_padding__hover=&#8220;|||&#8220;][et_pb_contact_form email=&#8220;info@automartin.cz, automartin@seznam.cz&#8220; title=&#8220;Po\u0161lete n\u00e1m zpr\u00e1vu&#8220; success_message=&#8220;Odesl\u00e1n\u00ed zpr\u00e1vy prob\u011bhlo \u00faspe\u0161n\u011b Co nejd\u0159\u00edve se V\u00e1m ozveme.&#8220; submit_button_text=&#8220;Odeslat&#8220; module_id=&#8220;et_pb_contact_form_0&#8243; module_class=&#8220;napsat&#8220; _builder_version=&#8220;4.6.1&#8243; form_field_background_color=&#8220;rgba(0,0,0,0.15)&#8220; form_field_text_color=&#8220;rgba(255,255,255,0.47)&#8220; form_field_focus_text_color=&#8220;#ffffff&#8220; title_font=&#8220;Teko||||||||&#8220; title_text_color=&#8220;#ffffff&#8220; title_font_size=&#8220;40px&#8220; title_line_height=&#8220;1.2em&#8220; captcha_text_color=&#8220;#FFFFFF&#8220; form_field_font=&#8220;Lato||||||||&#8220; form_field_font_size=&#8220;16px&#8220; custom_button=&#8220;on&#8220; button_text_color=&#8220;#c10f1b&#8220; button_bg_color=&#8220;#ffffff&#8220; button_border_width=&#8220;8px&#8220; button_border_color=&#8220;#ffffff&#8220; button_border_radius=&#8220;0px&#8220; button_letter_spacing=&#8220;4px&#8220; button_font=&#8220;Teko|||on|||||&#8220; button_icon=&#8220;%%3%%&#8220; form_background_color=&#8220;rgba(0,0,0,0.15)&#8220; locked=&#8220;off&#8220;][et_pb_contact_field field_id=&#8220;Jm\u00e9no&#8220; field_title=&#8220;Jm\u00e9no&#8220; fullwidth_field=&#8220;on&#8220; _builder_version=&#8220;4.6.1&#8243; button_text_size__hover_enabled=&#8220;off&#8220; button_one_text_size__hover_enabled=&#8220;off&#8220; button_two_text_size__hover_enabled=&#8220;off&#8220; button_text_color__hover_enabled=&#8220;off&#8220; button_one_text_color__hover_enabled=&#8220;off&#8220; button_two_text_color__hover_enabled=&#8220;off&#8220; button_border_width__hover_enabled=&#8220;off&#8220; button_one_border_width__hover_enabled=&#8220;off&#8220; button_two_border_width__hover_enabled=&#8220;off&#8220; button_border_color__hover_enabled=&#8220;off&#8220; button_one_border_color__hover_enabled=&#8220;off&#8220; button_two_border_color__hover_enabled=&#8220;off&#8220; button_border_radius__hover_enabled=&#8220;off&#8220; button_one_border_radius__hover_enabled=&#8220;off&#8220; button_two_border_radius__hover_enabled=&#8220;off&#8220; button_letter_spacing__hover_enabled=&#8220;off&#8220; button_one_letter_spacing__hover_enabled=&#8220;off&#8220; button_two_letter_spacing__hover_enabled=&#8220;off&#8220; button_bg_color__hover_enabled=&#8220;off&#8220; button_one_bg_color__hover_enabled=&#8220;off&#8220; button_two_bg_color__hover_enabled=&#8220;off&#8220;][\/et_pb_contact_field][et_pb_contact_field field_id=&#8220;Email&#8220; field_title=&#8220;V\u00e1\u0161 email&#8220; field_type=&#8220;email&#8220; fullwidth_field=&#8220;on&#8220; _builder_version=&#8220;4.6.1&#8243; button_text_size__hover_enabled=&#8220;off&#8220; button_one_text_size__hover_enabled=&#8220;off&#8220; button_two_text_size__hover_enabled=&#8220;off&#8220; button_text_color__hover_enabled=&#8220;off&#8220; button_one_text_color__hover_enabled=&#8220;off&#8220; button_two_text_color__hover_enabled=&#8220;off&#8220; button_border_width__hover_enabled=&#8220;off&#8220; button_one_border_width__hover_enabled=&#8220;off&#8220; button_two_border_width__hover_enabled=&#8220;off&#8220; button_border_color__hover_enabled=&#8220;off&#8220; button_one_border_color__hover_enabled=&#8220;off&#8220; button_two_border_color__hover_enabled=&#8220;off&#8220; button_border_radius__hover_enabled=&#8220;off&#8220; button_one_border_radius__hover_enabled=&#8220;off&#8220; button_two_border_radius__hover_enabled=&#8220;off&#8220; button_letter_spacing__hover_enabled=&#8220;off&#8220; button_one_letter_spacing__hover_enabled=&#8220;off&#8220; button_two_letter_spacing__hover_enabled=&#8220;off&#8220; button_bg_color__hover_enabled=&#8220;off&#8220; button_one_bg_color__hover_enabled=&#8220;off&#8220; button_two_bg_color__hover_enabled=&#8220;off&#8220;][\/et_pb_contact_field][et_pb_contact_field field_id=&#8220;telefon&#8220; field_title=&#8220;V\u00e1\u0161 telefon&#8220; required_mark=&#8220;off&#8220; fullwidth_field=&#8220;on&#8220; _builder_version=&#8220;4.6.1&#8243; _module_preset=&#8220;default&#8220;][\/et_pb_contact_field][et_pb_contact_field field_id=&#8220;vuz&#8220; field_title=&#8220;O jak\u00fd v\u016fz \/ motocykl m\u00e1te z\u00e1jem?&#8220; fullwidth_field=&#8220;on&#8220; _builder_version=&#8220;4.6.1&#8243; _module_preset=&#8220;default&#8220;][\/et_pb_contact_field][et_pb_contact_field field_id=&#8220;Message&#8220; field_title=&#8220;Obsah zpr\u00e1vy&#8220; field_type=&#8220;text&#8220; fullwidth_field=&#8220;on&#8220; _builder_version=&#8220;4.6.1&#8243; button_text_size__hover_enabled=&#8220;off&#8220; button_one_text_size__hover_enabled=&#8220;off&#8220; button_two_text_size__hover_enabled=&#8220;off&#8220; button_text_color__hover_enabled=&#8220;off&#8220; button_one_text_color__hover_enabled=&#8220;off&#8220; button_two_text_color__hover_enabled=&#8220;off&#8220; button_border_width__hover_enabled=&#8220;off&#8220; button_one_border_width__hover_enabled=&#8220;off&#8220; button_two_border_width__hover_enabled=&#8220;off&#8220; button_border_color__hover_enabled=&#8220;off&#8220; button_one_border_color__hover_enabled=&#8220;off&#8220; button_two_border_color__hover_enabled=&#8220;off&#8220; button_border_radius__hover_enabled=&#8220;off&#8220; button_one_border_radius__hover_enabled=&#8220;off&#8220; button_two_border_radius__hover_enabled=&#8220;off&#8220; button_letter_spacing__hover_enabled=&#8220;off&#8220; button_one_letter_spacing__hover_enabled=&#8220;off&#8220; button_two_letter_spacing__hover_enabled=&#8220;off&#8220; button_bg_color__hover_enabled=&#8220;off&#8220; button_one_bg_color__hover_enabled=&#8220;off&#8220; button_two_bg_color__hover_enabled=&#8220;off&#8220;][\/et_pb_contact_field][\/et_pb_contact_form][\/et_pb_column][\/et_pb_section]<\/p>","protected":false},"excerpt":{"rendered":"<p>McLaren 650S Spider 7.250.925 K\u010d v\u010d. DPH 5.992.500 K\u010d bez DPH Informace o vozidle100 km\u0161ed\u00e1 metal\u00edza478 kW (650 kon\u00ed)2017ojedin\u011bl\u00e1 kombinace speci\u00e1ln\u00ed barvy kol a karbonov\u00fdch dopl\u0148k\u016f prvn\u00ed majitel \u00a0 \u00a0I \u00a0 \u00a0nehavarovan\u00e9 \u00a0 \u00a0I \u00a0 \u00a0servisn\u00ed kn\u00ed\u017eka \u00a0 \u00a0I \u00a0 \u00a0nov\u00e9 vozidlo \u00a0 \u00a0I \u00a0 \u00a0speci\u00e1ln\u00ed barva Storm Grey \u00a0 \u00a0I \u00a0 \u00a0lift syst\u00e9m \u00a0 [&hellip;]<\/p>","protected":false},"author":1,"featured_media":0,"parent":0,"menu_order":0,"comment_status":"closed","ping_status":"closed","template":"","meta":{"_acf_changed":false,"_et_pb_use_builder":"on","_et_pb_old_content":"","_et_gb_content_width":"","footnotes":""},"class_list":["post-1307","page","type-page","status-publish","hentry"],"acf":[],"_links":{"self":[{"href":"http:\/\/automartin.cz\/en\/wp-json\/wp\/v2\/pages\/1307","targetHints":{"allow":["GET"]}}],"collection":[{"href":"http:\/\/automartin.cz\/en\/wp-json\/wp\/v2\/pages"}],"about":[{"href":"http:\/\/automartin.cz\/en\/wp-json\/wp\/v2\/types\/page"}],"author":[{"embeddable":true,"href":"http:\/\/automartin.cz\/en\/wp-json\/wp\/v2\/users\/1"}],"replies":[{"embeddable":true,"href":"http:\/\/automartin.cz\/en\/wp-json\/wp\/v2\/comments?post=1307"}],"version-history":[{"count":6,"href":"http:\/\/automartin.cz\/en\/wp-json\/wp\/v2\/pages\/1307\/revisions"}],"predecessor-version":[{"id":3405,"href":"http:\/\/automartin.cz\/en\/wp-json\/wp\/v2\/pages\/1307\/revisions\/3405"}],"wp:attachment":[{"href":"http:\/\/automartin.cz\/en\/wp-json\/wp\/v2\/media?parent=1307"}],"curies":[{"name":"wp","href":"https:\/\/api.w.org\/{rel}","templated":true}]}}