{"id":3795,"date":"2022-01-11T10:08:30","date_gmt":"2022-01-11T09:08:30","guid":{"rendered":"http:\/\/automartin.cz\/?page_id=3795"},"modified":"2023-01-23T23:22:01","modified_gmt":"2023-01-23T22:22:01","slug":"2022-03-02-gasgas_ec_250-f","status":"publish","type":"page","link":"https:\/\/automartin.cz\/en\/2022-03-02-gasgas_ec_250-f\/","title":{"rendered":"2022-03-02-GasGas_EC_250-F"},"content":{"rendered":"<p>[et_pb_section fb_built=&#8220;1&#8243; custom_padding_last_edited=&#8220;on|tablet&#8220; admin_label=&#8220;Hero&#8220; _builder_version=&#8220;4.6.1&#8243; custom_padding=&#8220;80px|0px|54px|0px|false|false&#8220; custom_padding_tablet=&#8220;40px||20px||false|false&#8220; custom_padding_phone=&#8220;20px||0px||false|false&#8220;][et_pb_row _builder_version=&#8220;4.6.1&#8243; background_size=&#8220;initial&#8220; background_position=&#8220;top_left&#8220; background_repeat=&#8220;repeat&#8220; max_width=&#8220;700px&#8220; use_custom_width=&#8220;on&#8220; custom_width_px=&#8220;700px&#8220;][et_pb_column type=&#8220;4_4&#8243; _builder_version=&#8220;3.25&#8243; custom_padding=&#8220;|||&#8220; custom_padding__hover=&#8220;|||&#8220;][et_pb_text _builder_version=&#8220;4.6.1&#8243; text_font=&#8220;Teko||||||||&#8220; text_text_color=&#8220;#c10f1b&#8220; text_font_size=&#8220;50px&#8220; text_line_height=&#8220;1.2em&#8220; ul_font=&#8220;||||||||&#8220; header_font=&#8220;Teko|||on|||||&#8220; header_font_size=&#8220;96px&#8220; header_letter_spacing=&#8220;2px&#8220; header_line_height=&#8220;0.9em&#8220; text_orientation=&#8220;center&#8220; custom_margin=&#8220;|||&#8220; header_font_size_tablet=&#8220;66px&#8220; header_font_size_phone=&#8220;36px&#8220; header_font_size_last_edited=&#8220;on|phone&#8220;]<\/p>\n<h1>Gas Gas EC 250 F<\/p>\n<\/h1>\n<p><span>270.999 <\/span><span>K\u010d incl. VAT<\/span><\/p>\n<h2><span>223.966 K\u010d bez DPH<\/span><\/h2>\n<p>[\/et_pb_text][\/et_pb_column][\/et_pb_row][\/et_pb_section][et_pb_section fb_built=&#8220;1&#8243; fullwidth=&#8220;on&#8220; _builder_version=&#8220;4.6.1&#8243; bottom_divider_style=&#8220;arrow&#8220; bottom_divider_color=&#8220;#ffffff&#8220; bottom_divider_height_tablet=&#8220;100px&#8220; bottom_divider_height_phone=&#8220;50px&#8220; bottom_divider_height_last_edited=&#8220;on|phone&#8220; animation_style=&#8220;slide&#8220; animation_direction=&#8220;top&#8220; animation_intensity_slide=&#8220;4%&#8220;][et_pb_fullwidth_image src=&#8220;http:\/\/automartin.cz\/wp-content\/uploads\/2022\/05\/DSC0059.jpg&#8220; title_text=&#8220;_DSC0059&#8243; _builder_version=&#8220;4.6.1&#8243;][\/et_pb_fullwidth_image][\/et_pb_section][et_pb_section fb_built=&#8220;1&#8243; custom_padding_last_edited=&#8220;on|tablet&#8220; admin_label=&#8220;Features&#8220; _builder_version=&#8220;4.6.1&#8243; custom_padding=&#8220;|||&#8220; custom_padding_tablet=&#8220;0px||||false|false&#8220; custom_padding_phone=&#8220;&#8220;][et_pb_row custom_padding_last_edited=&#8220;on|phone&#8220; _builder_version=&#8220;4.6.1&#8243; custom_margin=&#8220;|||&#8220; custom_padding_tablet=&#8220;||0px||false|false&#8220; custom_padding_phone=&#8220;&#8220;][et_pb_column type=&#8220;4_4&#8243; _builder_version=&#8220;4.6.1&#8243; custom_padding=&#8220;|||&#8220; custom_padding__hover=&#8220;|||&#8220;][et_pb_text admin_label=&#8220;Title&#8220; _builder_version=&#8220;4.6.1&#8243; header_font=&#8220;||||||||&#8220; header_3_font=&#8220;Teko||||||||&#8220; header_3_font_size=&#8220;40px&#8220; header_3_line_height=&#8220;1.2em&#8220; custom_margin=&#8220;||15px|&#8220; border_color_all=&#8220;rgba(51,51,51,0.12)&#8220; border_width_bottom=&#8220;1px&#8220;]<\/p>\n<h3>Motorcycle information<\/h3>\n<p>[\/et_pb_text][\/et_pb_column][\/et_pb_row][et_pb_row column_structure=&#8220;1_4,1_4,1_4,1_4&#8243; admin_label=&#8220;Main Specs&#8220; _builder_version=&#8220;4.6.1&#8243;][et_pb_column type=&#8220;1_4&#8243; _builder_version=&#8220;3.25&#8243; custom_padding=&#8220;|||&#8220; custom_padding__hover=&#8220;|||&#8220;][et_pb_blurb title=&#8220;Najeto&#8220; _builder_version=&#8220;4.6.1&#8243; header_level=&#8220;h3&#8243; header_font=&#8220;Teko|500|||||||&#8220; body_font=&#8220;Lato||||||||&#8220; body_font_size=&#8220;16px&#8220; body_line_height=&#8220;1.8em&#8220; text_orientation=&#8220;center&#8220;]<\/p>\n<p>0 km<\/p>\n<p>[\/et_pb_blurb][\/et_pb_column][et_pb_column type=&#8220;1_4&#8243; _builder_version=&#8220;3.25&#8243; custom_padding=&#8220;|||&#8220; custom_padding__hover=&#8220;|||&#8220;][et_pb_blurb title=&#8220;Objem&#8220; _builder_version=&#8220;4.6.1&#8243; header_level=&#8220;h3&#8243; header_font=&#8220;Teko|500|||||||&#8220; body_font=&#8220;Lato||||||||&#8220; body_font_size=&#8220;16px&#8220; body_line_height=&#8220;1.8em&#8220; text_orientation=&#8220;center&#8220; locked=&#8220;off&#8220;]<\/p>\n<p><span>250 ccm<\/span><\/p>\n<p>[\/et_pb_blurb][\/et_pb_column][et_pb_column type=&#8220;1_4&#8243; _builder_version=&#8220;3.25&#8243; custom_padding=&#8220;|||&#8220; custom_padding__hover=&#8220;|||&#8220;][et_pb_blurb title=&#8220;P\u0159evodovka&#8220; _builder_version=&#8220;4.6.1&#8243; header_level=&#8220;h3&#8243; header_font=&#8220;Teko|500|||||||&#8220; body_font=&#8220;Lato||||||||&#8220; body_font_size=&#8220;16px&#8220; body_line_height=&#8220;1.8em&#8220; text_orientation=&#8220;center&#8220; hover_enabled=&#8220;0&#8243; locked=&#8220;off&#8220; sticky_enabled=&#8220;0&#8243;]<\/p>\n<p>manu\u00e1ln\u00ed<\/p>\n<p>[\/et_pb_blurb][\/et_pb_column][et_pb_column type=&#8220;1_4&#8243; _builder_version=&#8220;3.25&#8243; custom_padding=&#8220;|||&#8220; custom_padding__hover=&#8220;|||&#8220;][et_pb_blurb title=&#8220;Stav&#8220; _builder_version=&#8220;4.6.1&#8243; header_level=&#8220;h3&#8243; header_font=&#8220;Teko|500|||||||&#8220; body_font=&#8220;Lato||||||||&#8220; body_font_size=&#8220;16px&#8220; body_line_height=&#8220;1.8em&#8220; text_orientation=&#8220;center&#8220; locked=&#8220;off&#8220;]<\/p>\n<p>Nov\u00fd motocykl<\/p>\n<p>[\/et_pb_blurb][\/et_pb_column][\/et_pb_row][et_pb_row _builder_version=&#8220;4.6.1&#8243; custom_margin=&#8220;|||&#8220; custom_padding=&#8220;0|0px|27px|0px|false|false&#8220;][et_pb_column type=&#8220;4_4&#8243; _builder_version=&#8220;3.25&#8243; custom_padding=&#8220;|||&#8220; custom_padding__hover=&#8220;|||&#8220;][et_pb_text _builder_version=&#8220;4.6.1&#8243; text_font=&#8220;Lato||||||||&#8220; text_font_size=&#8220;18px&#8220; text_line_height=&#8220;1.8em&#8220; text_orientation=&#8220;center&#8220; custom_margin=&#8220;43px|||||&#8220; custom_margin_tablet=&#8220;22px||||false|false&#8220; custom_margin_phone=&#8220;&#8220; custom_margin_last_edited=&#8220;on|phone&#8220;]<\/p>\n<p><span>Nov\u00fd nejet\u00fd nep\u0159ihl\u00e1\u0161en\u00fd motocykl. <\/span><\/p>\n<p><span>S<\/span><span>estra KTM 250 EXC F je d\u00edky kompaktn\u00edm rozm\u011br\u016fm, n\u00edzk\u00e9 hmotnosti a skv\u011bl\u00e9 ovladatelnosti \u0161pi\u010dkou ve sv\u00e9 t\u0159\u00edd\u011b. Motor s vysp\u011bl\u00fdm syst\u00e9mem vst\u0159ikov\u00e1n\u00ed paliva poskytuje nejvy\u0161\u0161\u00ed v\u00fdkon v dan\u00e9 t\u0159\u00edd\u011b, dostatek to\u010div\u00e9ho momentu v n\u00edzk\u00fdch ot\u00e1\u010dk\u00e1ch a perfektn\u011b d\u00e1vkovateln\u00fd v\u00fdkon. <\/span><\/p>\n<p><span>Motocykl skladem. V cen\u011b motocyklu je hlavn\u00ed stojan, kryt motoru a p\u0159edn\u00ed brzdy a origin\u00e1l nab\u00edjec\u00ed za\u0159\u00edzen\u00ed.<\/span><\/p>\n<p>[\/et_pb_text][\/et_pb_column][\/et_pb_row][\/et_pb_section][et_pb_section fb_built=&#8220;1&#8243; admin_label=&#8220;Video&#8220; _builder_version=&#8220;4.6.1&#8243; background_color=&#8220;#f7f7f7&#8243; custom_padding=&#8220;0px||0px||true|false&#8220; box_shadow_style=&#8220;preset7&#8243; box_shadow_horizontal=&#8220;0px&#8220; box_shadow_vertical=&#8220;150px&#8220; box_shadow_color=&#8220;#ffffff&#8220;][et_pb_row module_class=&#8220; et_pb_row_fullwidth&#8220; _builder_version=&#8220;4.6.1&#8243; width=&#8220;89%&#8220; width_tablet=&#8220;80%&#8220; width_phone=&#8220;&#8220; width_last_edited=&#8220;on|desktop&#8220; max_width=&#8220;89%&#8220; max_width_tablet=&#8220;80%&#8220; max_width_phone=&#8220;&#8220; max_width_last_edited=&#8220;on|desktop&#8220; custom_padding=&#8220;0px||0px||true&#8220; make_fullwidth=&#8220;on&#8220;][et_pb_column type=&#8220;4_4&#8243; _builder_version=&#8220;4.6.1&#8243; custom_padding=&#8220;|||&#8220; custom_padding__hover=&#8220;|||&#8220;][et_pb_gallery gallery_ids=&#8220;5300,5301,5302,5303,5304,5305,5306,5307,5308,5309,5310,5311,5312,5313,5314,5315,5316,5317,5318,5319,5320,5321,5322,5323,5324,5325,5326,5327,5328,5329,5330,5331,5332,5333,5334,5335,5336,5337,5338,5339,5340,5341,5342,5343,5344,5345,5346,5347,5348,5349&#8243; posts_number=&#8220;50&#8243; show_title_and_caption=&#8220;off&#8220; show_pagination=&#8220;off&#8220; zoom_icon_color=&#8220;#E02B20&#8243; hover_overlay_color=&#8220;rgba(0,0,0,0.6)&#8220; hover_icon=&#8220;%%204%%&#8220; _builder_version=&#8220;4.6.1&#8243; _module_preset=&#8220;default&#8220; custom_css_gallery_item=&#8220;width: 20% !important;||margin: 0 !important;||clear: none !important;&#8220;][\/et_pb_gallery][\/et_pb_column][\/et_pb_row][et_pb_row _builder_version=&#8220;4.6.1&#8243; _module_preset=&#8220;default&#8220;][et_pb_column type=&#8220;4_4&#8243; _builder_version=&#8220;4.6.1&#8243; _module_preset=&#8220;default&#8220;][\/et_pb_column][\/et_pb_row][\/et_pb_section][et_pb_section fb_built=&#8220;1&#8243; specialty=&#8220;on&#8220; padding_1_tablet=&#8220;&#8220; padding_2_tablet=&#8220;&#8220; padding_1_phone=&#8220;150px|60px|0px|10%|false|false&#8220; padding_2_phone=&#8220;50px||200px||false|false&#8220; padding_1_last_edited=&#8220;on|phone&#8220; padding_2_last_edited=&#8220;on|phone&#8220; admin_label=&#8220;Footer&#8220; _builder_version=&#8220;4.6.1&#8243; _module_preset=&#8220;6344b1a6-ad56-4d0a-badc-217bda7b0327&#8243; bottom_divider_height=&#8220;48px&#8220; bottom_divider_style_tablet=&#8220;&#8220; bottom_divider_style_phone=&#8220;&#8220; bottom_divider_style_last_edited=&#8220;on|phone&#8220; make_fullwidth=&#8220;on&#8220; global_module=&#8220;349&#8243; saved_tabs=&#8220;all&#8220; collapsed=&#8220;on&#8220;][et_pb_column type=&#8220;1_2&#8243; specialty_columns=&#8220;2&#8243; _builder_version=&#8220;3.25&#8243; custom_padding=&#8220;|||&#8220; padding_tablet=&#8220;|0%||0%||true&#8220; padding_last_edited=&#8220;on|desktop&#8220; custom_padding__hover=&#8220;|||&#8220;][et_pb_row_inner _builder_version=&#8220;3.25&#8243; custom_padding=&#8220;0|0px|0|0px|true|false&#8220;][et_pb_column_inner saved_specialty_column_type=&#8220;1_2&#8243; _builder_version=&#8220;3.25&#8243; custom_padding=&#8220;|||&#8220; custom_padding__hover=&#8220;|||&#8220;][et_pb_text _builder_version=&#8220;4.6.1&#8243; text_font=&#8220;Lato||||||||&#8220; text_font_size=&#8220;22px&#8220; text_line_height=&#8220;1.8em&#8220; header_font=&#8220;||||||||&#8220; header_2_font=&#8220;Teko||||||||&#8220; header_2_font_size=&#8220;96px&#8220; background_layout=&#8220;dark&#8220; custom_margin=&#8220;|||&#8220; header_2_font_size_tablet=&#8220;66px&#8220; header_2_font_size_phone=&#8220;36px&#8220; header_2_font_size_last_edited=&#8220;on|phone&#8220; locked=&#8220;off&#8220;]<\/p>\n<h2>GET IN TOUCH<\/h2>\n<p>[\/et_pb_text][et_pb_text _builder_version=&#8220;4.6.1&#8243; text_font=&#8220;Teko|300|||||||&#8220; text_font_size=&#8220;35px&#8220; text_line_height=&#8220;1em&#8220; header_5_font=&#8220;Teko|500|||||||&#8220; header_5_font_size=&#8220;40px&#8220; background_layout=&#8220;dark&#8220; custom_margin=&#8220;|||&#8220; locked=&#8220;off&#8220;]<\/p>\n<h5><img loading=\"lazy\" decoding=\"async\" src=\"https:\/\/test.petrm.com\/wp-content\/uploads\/2021\/01\/vlajky_jazyky_Martin.png\" width=\"236\" height=\"24\" alt=\"\" class=\"wp-image-234 alignnone size-full\" \/><br \/> Martin Klein<\/h5>\n<h1>Tel. \u00a0+420 602 737 777<br \/> automartin@seznam.cz<br \/> automartin@iol.cz<\/h1>\n<p>[\/et_pb_text][et_pb_divider color=&#8220;#ffffff&#8220; divider_position=&#8220;center&#8220; _builder_version=&#8220;4.6.1&#8243; _module_preset=&#8220;default&#8220; custom_margin=&#8220;23px||23px||true|false&#8220;][\/et_pb_divider][et_pb_text _builder_version=&#8220;4.6.1&#8243; text_font=&#8220;Teko|300|||||||&#8220; text_font_size=&#8220;35px&#8220; text_line_height=&#8220;1em&#8220; header_5_font=&#8220;Teko|500|||||||&#8220; header_5_font_size=&#8220;40px&#8220; background_layout=&#8220;dark&#8220; custom_margin=&#8220;|||&#8220; locked=&#8220;off&#8220;]<\/p>\n<h1><\/h1>\n<h1><img loading=\"lazy\" decoding=\"async\" src=\"https:\/\/test.petrm.com\/wp-content\/uploads\/2021\/01\/vlajky_jazyky_Petr2.png\" width=\"236\" height=\"24\" alt=\"\" class=\"wp-image-255 alignnone size-full\" \/><\/h1>\n<h1>Petr Mich\u00e1lek<\/h1>\n<h1>Tel. +420 724 825 465<\/h1>\n<p>[\/et_pb_text][et_pb_divider color=&#8220;#ffffff&#8220; divider_position=&#8220;center&#8220; _builder_version=&#8220;4.6.1&#8243; _module_preset=&#8220;default&#8220; custom_margin=&#8220;23px||23px||true|false&#8220;][\/et_pb_divider][et_pb_text _builder_version=&#8220;4.6.1&#8243; text_font=&#8220;Teko|300|||||||&#8220; text_font_size=&#8220;35px&#8220; text_line_height=&#8220;1em&#8220; header_5_font=&#8220;Teko|500|||||||&#8220; header_5_font_size=&#8220;40px&#8220; background_layout=&#8220;dark&#8220; custom_margin=&#8220;|||&#8220; locked=&#8220;off&#8220;]<\/p>\n<h3><em>Consultant for motorbikes and racing cars<\/em><\/h3>\n<h1><img loading=\"lazy\" decoding=\"async\" src=\"https:\/\/test.petrm.com\/wp-content\/uploads\/2021\/01\/vlajky_jazyky_Petr2.png\" width=\"236\" height=\"24\" alt=\"\" class=\"wp-image-255 alignnone size-full\" \/><\/h1>\n<h1>Petr Klein<\/h1>\n<h1>Tel.\u00a0+420 608 305 588<\/h1>\n<p>[\/et_pb_text][et_pb_divider color=&#8220;#ffffff&#8220; divider_position=&#8220;center&#8220; _builder_version=&#8220;4.6.1&#8243; _module_preset=&#8220;default&#8220; custom_margin=&#8220;23px||23px||true|false&#8220;][\/et_pb_divider][\/et_pb_column_inner][\/et_pb_row_inner][et_pb_row_inner column_structure=&#8220;1_3,1_3,1_3&#8243; use_custom_gutter=&#8220;on&#8220; gutter_width=&#8220;2&#8243; _builder_version=&#8220;4.6.1&#8243; custom_padding=&#8220;3px|||||&#8220;][et_pb_column_inner type=&#8220;1_3&#8243; saved_specialty_column_type=&#8220;1_2&#8243; _builder_version=&#8220;3.25&#8243; custom_padding=&#8220;|||&#8220; custom_padding__hover=&#8220;|||&#8220;][et_pb_text _builder_version=&#8220;4.6.1&#8243; text_font=&#8220;Lato||||||||&#8220; text_font_size=&#8220;18px&#8220; text_line_height=&#8220;1.2em&#8220; header_font=&#8220;||||||||&#8220; header_4_font=&#8220;Teko|600|||||||&#8220; header_4_font_size=&#8220;30px&#8220; background_layout=&#8220;dark&#8220; width=&#8220;100%&#8220; custom_margin=&#8220;|||&#8220; locked=&#8220;off&#8220;]<\/p>\n<h4>Adress<\/h4>\n<p><span class=\"street-address\">Za Ml\u00fdnem 203<\/span><br \/> <span class=\"postal-code\">751 19<\/span><span> <\/span><span class=\"locality\">Vlko\u0161<br \/>Czech Republic<\/span><\/p>\n<p>[\/et_pb_text][\/et_pb_column_inner][et_pb_column_inner type=&#8220;1_3&#8243; saved_specialty_column_type=&#8220;1_2&#8243; _builder_version=&#8220;3.25&#8243; custom_padding=&#8220;|||&#8220; custom_padding__hover=&#8220;|||&#8220;][et_pb_text _builder_version=&#8220;4.6.1&#8243; text_font=&#8220;Lato||||||||&#8220; text_font_size=&#8220;18px&#8220; text_line_height=&#8220;1.2em&#8220; header_font=&#8220;||||||||&#8220; header_4_font=&#8220;Teko|600|||||||&#8220; header_4_font_size=&#8220;30px&#8220; background_layout=&#8220;dark&#8220; custom_margin=&#8220;|||&#8220; locked=&#8220;off&#8220;]<\/p>\n<h4>\u00a0<\/h4>\n<p><span class=\"locality\">I\u010c: 16611268<br \/> DI\u010c: CZ7110155074<\/span><\/p>\n<p>[\/et_pb_text][\/et_pb_column_inner][et_pb_column_inner type=&#8220;1_3&#8243; saved_specialty_column_type=&#8220;1_2&#8243; _builder_version=&#8220;3.25&#8243; custom_padding=&#8220;|||&#8220; custom_padding__hover=&#8220;|||&#8220;][et_pb_text _builder_version=&#8220;4.6.1&#8243; text_font=&#8220;Lato||||||||&#8220; text_font_size=&#8220;18px&#8220; text_line_height=&#8220;1.2em&#8220; header_font=&#8220;||||||||&#8220; header_4_font=&#8220;Teko|600|||||||&#8220; header_4_font_size=&#8220;30px&#8220; background_layout=&#8220;dark&#8220; custom_margin=&#8220;|||&#8220; locked=&#8220;off&#8220;][\/et_pb_text][\/et_pb_column_inner][\/et_pb_row_inner][\/et_pb_column][et_pb_column type=&#8220;1_2&#8243; _builder_version=&#8220;3.25&#8243; background_color=&#8220;#c10f1b&#8220; custom_padding=&#8220;|||&#8220; padding_tablet=&#8220;40px|10%|100px|10%||true&#8220; padding_last_edited=&#8220;on|desktop&#8220; custom_padding__hover=&#8220;|||&#8220;][et_pb_contact_form email=&#8220;info@automartin.cz, automartin@seznam.cz&#8220; title=&#8220;Po\u0161lete n\u00e1m zpr\u00e1vu&#8220; success_message=&#8220;Odesl\u00e1n\u00ed zpr\u00e1vy prob\u011bhlo \u00faspe\u0161n\u011b Co nejd\u0159\u00edve se V\u00e1m ozveme.&#8220; submit_button_text=&#8220;Odeslat&#8220; module_id=&#8220;et_pb_contact_form_0&#8243; module_class=&#8220;napsat&#8220; _builder_version=&#8220;4.6.1&#8243; form_field_background_color=&#8220;rgba(0,0,0,0.15)&#8220; form_field_text_color=&#8220;rgba(255,255,255,0.47)&#8220; form_field_focus_text_color=&#8220;#ffffff&#8220; title_font=&#8220;Teko||||||||&#8220; title_text_color=&#8220;#ffffff&#8220; title_font_size=&#8220;40px&#8220; title_line_height=&#8220;1.2em&#8220; captcha_text_color=&#8220;#FFFFFF&#8220; form_field_font=&#8220;Lato||||||||&#8220; form_field_font_size=&#8220;16px&#8220; custom_button=&#8220;on&#8220; button_text_color=&#8220;#c10f1b&#8220; button_bg_color=&#8220;#ffffff&#8220; button_border_width=&#8220;8px&#8220; button_border_color=&#8220;#ffffff&#8220; button_border_radius=&#8220;0px&#8220; button_letter_spacing=&#8220;4px&#8220; button_font=&#8220;Teko|||on|||||&#8220; button_icon=&#8220;%%3%%&#8220; form_background_color=&#8220;rgba(0,0,0,0.15)&#8220; locked=&#8220;off&#8220;][et_pb_contact_field field_id=&#8220;Jm\u00e9no&#8220; field_title=&#8220;Jm\u00e9no&#8220; fullwidth_field=&#8220;on&#8220; _builder_version=&#8220;4.6.1&#8243; button_text_size__hover_enabled=&#8220;off&#8220; button_one_text_size__hover_enabled=&#8220;off&#8220; button_two_text_size__hover_enabled=&#8220;off&#8220; button_text_color__hover_enabled=&#8220;off&#8220; button_one_text_color__hover_enabled=&#8220;off&#8220; button_two_text_color__hover_enabled=&#8220;off&#8220; button_border_width__hover_enabled=&#8220;off&#8220; button_one_border_width__hover_enabled=&#8220;off&#8220; button_two_border_width__hover_enabled=&#8220;off&#8220; button_border_color__hover_enabled=&#8220;off&#8220; button_one_border_color__hover_enabled=&#8220;off&#8220; button_two_border_color__hover_enabled=&#8220;off&#8220; button_border_radius__hover_enabled=&#8220;off&#8220; button_one_border_radius__hover_enabled=&#8220;off&#8220; button_two_border_radius__hover_enabled=&#8220;off&#8220; button_letter_spacing__hover_enabled=&#8220;off&#8220; button_one_letter_spacing__hover_enabled=&#8220;off&#8220; button_two_letter_spacing__hover_enabled=&#8220;off&#8220; button_bg_color__hover_enabled=&#8220;off&#8220; button_one_bg_color__hover_enabled=&#8220;off&#8220; button_two_bg_color__hover_enabled=&#8220;off&#8220;][\/et_pb_contact_field][et_pb_contact_field field_id=&#8220;Email&#8220; field_title=&#8220;V\u00e1\u0161 email&#8220; field_type=&#8220;email&#8220; fullwidth_field=&#8220;on&#8220; _builder_version=&#8220;4.6.1&#8243; button_text_size__hover_enabled=&#8220;off&#8220; button_one_text_size__hover_enabled=&#8220;off&#8220; button_two_text_size__hover_enabled=&#8220;off&#8220; button_text_color__hover_enabled=&#8220;off&#8220; button_one_text_color__hover_enabled=&#8220;off&#8220; button_two_text_color__hover_enabled=&#8220;off&#8220; button_border_width__hover_enabled=&#8220;off&#8220; button_one_border_width__hover_enabled=&#8220;off&#8220; button_two_border_width__hover_enabled=&#8220;off&#8220; button_border_color__hover_enabled=&#8220;off&#8220; button_one_border_color__hover_enabled=&#8220;off&#8220; button_two_border_color__hover_enabled=&#8220;off&#8220; button_border_radius__hover_enabled=&#8220;off&#8220; button_one_border_radius__hover_enabled=&#8220;off&#8220; button_two_border_radius__hover_enabled=&#8220;off&#8220; button_letter_spacing__hover_enabled=&#8220;off&#8220; button_one_letter_spacing__hover_enabled=&#8220;off&#8220; button_two_letter_spacing__hover_enabled=&#8220;off&#8220; button_bg_color__hover_enabled=&#8220;off&#8220; button_one_bg_color__hover_enabled=&#8220;off&#8220; button_two_bg_color__hover_enabled=&#8220;off&#8220;][\/et_pb_contact_field][et_pb_contact_field field_id=&#8220;telefon&#8220; field_title=&#8220;V\u00e1\u0161 telefon&#8220; required_mark=&#8220;off&#8220; fullwidth_field=&#8220;on&#8220; _builder_version=&#8220;4.6.1&#8243; _module_preset=&#8220;default&#8220;][\/et_pb_contact_field][et_pb_contact_field field_id=&#8220;vuz&#8220; field_title=&#8220;O jak\u00fd v\u016fz \/ motocykl m\u00e1te z\u00e1jem?&#8220; fullwidth_field=&#8220;on&#8220; _builder_version=&#8220;4.6.1&#8243; _module_preset=&#8220;default&#8220;][\/et_pb_contact_field][et_pb_contact_field field_id=&#8220;Message&#8220; field_title=&#8220;Obsah zpr\u00e1vy&#8220; field_type=&#8220;text&#8220; fullwidth_field=&#8220;on&#8220; _builder_version=&#8220;4.6.1&#8243; button_text_size__hover_enabled=&#8220;off&#8220; button_one_text_size__hover_enabled=&#8220;off&#8220; button_two_text_size__hover_enabled=&#8220;off&#8220; button_text_color__hover_enabled=&#8220;off&#8220; button_one_text_color__hover_enabled=&#8220;off&#8220; button_two_text_color__hover_enabled=&#8220;off&#8220; button_border_width__hover_enabled=&#8220;off&#8220; button_one_border_width__hover_enabled=&#8220;off&#8220; button_two_border_width__hover_enabled=&#8220;off&#8220; button_border_color__hover_enabled=&#8220;off&#8220; button_one_border_color__hover_enabled=&#8220;off&#8220; button_two_border_color__hover_enabled=&#8220;off&#8220; button_border_radius__hover_enabled=&#8220;off&#8220; button_one_border_radius__hover_enabled=&#8220;off&#8220; button_two_border_radius__hover_enabled=&#8220;off&#8220; button_letter_spacing__hover_enabled=&#8220;off&#8220; button_one_letter_spacing__hover_enabled=&#8220;off&#8220; button_two_letter_spacing__hover_enabled=&#8220;off&#8220; button_bg_color__hover_enabled=&#8220;off&#8220; button_one_bg_color__hover_enabled=&#8220;off&#8220; button_two_bg_color__hover_enabled=&#8220;off&#8220;][\/et_pb_contact_field][\/et_pb_contact_form][\/et_pb_column][\/et_pb_section]<\/p>","protected":false},"excerpt":{"rendered":"<p>Gas Gas EC 250 F 270.999 K\u010d v\u010d. DPH 223.966 K\u010d bez DPHInformace o motocyklu0 km250 ccmmanu\u00e1ln\u00ed Nov\u00fd motocyklNov\u00fd nejet\u00fd nep\u0159ihl\u00e1\u0161en\u00fd motocykl. Sestra KTM 250 EXC F je d\u00edky kompaktn\u00edm rozm\u011br\u016fm, n\u00edzk\u00e9 hmotnosti a skv\u011bl\u00e9 ovladatelnosti \u0161pi\u010dkou ve sv\u00e9 t\u0159\u00edd\u011b. Motor s vysp\u011bl\u00fdm syst\u00e9mem vst\u0159ikov\u00e1n\u00ed paliva poskytuje nejvy\u0161\u0161\u00ed v\u00fdkon v dan\u00e9 t\u0159\u00edd\u011b, dostatek to\u010div\u00e9ho momentu [&hellip;]<\/p>","protected":false},"author":1,"featured_media":0,"parent":0,"menu_order":0,"comment_status":"closed","ping_status":"closed","template":"","meta":{"_acf_changed":false,"_et_pb_use_builder":"on","_et_pb_old_content":"","_et_gb_content_width":"","footnotes":""},"class_list":["post-3795","page","type-page","status-publish","hentry"],"acf":[],"_links":{"self":[{"href":"https:\/\/automartin.cz\/en\/wp-json\/wp\/v2\/pages\/3795","targetHints":{"allow":["GET"]}}],"collection":[{"href":"https:\/\/automartin.cz\/en\/wp-json\/wp\/v2\/pages"}],"about":[{"href":"https:\/\/automartin.cz\/en\/wp-json\/wp\/v2\/types\/page"}],"author":[{"embeddable":true,"href":"https:\/\/automartin.cz\/en\/wp-json\/wp\/v2\/users\/1"}],"replies":[{"embeddable":true,"href":"https:\/\/automartin.cz\/en\/wp-json\/wp\/v2\/comments?post=3795"}],"version-history":[{"count":6,"href":"https:\/\/automartin.cz\/en\/wp-json\/wp\/v2\/pages\/3795\/revisions"}],"predecessor-version":[{"id":6949,"href":"https:\/\/automartin.cz\/en\/wp-json\/wp\/v2\/pages\/3795\/revisions\/6949"}],"wp:attachment":[{"href":"https:\/\/automartin.cz\/en\/wp-json\/wp\/v2\/media?parent=3795"}],"curies":[{"name":"wp","href":"https:\/\/api.w.org\/{rel}","templated":true}]}}