{"id":4944,"date":"2022-04-25T17:31:07","date_gmt":"2022-04-25T15:31:07","guid":{"rendered":"http:\/\/automartin.cz\/?page_id=4944"},"modified":"2022-09-11T16:02:21","modified_gmt":"2022-09-11T14:02:21","slug":"2022_01_08_vw-crafter","status":"publish","type":"page","link":"https:\/\/automartin.cz\/en\/2022_01_08_vw-crafter\/","title":{"rendered":"2022_01_08_VW-Crafter"},"content":{"rendered":"<p>[et_pb_section fb_built=&#8220;1&#8243; custom_padding_last_edited=&#8220;on|tablet&#8220; admin_label=&#8220;Hero&#8220; _builder_version=&#8220;4.6.1&#8243; custom_padding=&#8220;80px|0px|54px|0px|false|false&#8220; custom_padding_tablet=&#8220;40px||20px||false|false&#8220; custom_padding_phone=&#8220;20px||0px||false|false&#8220;][et_pb_row _builder_version=&#8220;4.6.1&#8243; background_size=&#8220;initial&#8220; background_position=&#8220;top_left&#8220; background_repeat=&#8220;repeat&#8220; max_width=&#8220;700px&#8220; use_custom_width=&#8220;on&#8220; custom_width_px=&#8220;700px&#8220;][et_pb_column type=&#8220;4_4&#8243; _builder_version=&#8220;3.25&#8243; custom_padding=&#8220;|||&#8220; custom_padding__hover=&#8220;|||&#8220;][et_pb_text _builder_version=&#8220;4.6.1&#8243; text_font=&#8220;Teko||||||||&#8220; text_text_color=&#8220;#c10f1b&#8220; text_font_size=&#8220;33px&#8220; text_line_height=&#8220;1.2em&#8220; ul_font=&#8220;||||||||&#8220; header_font=&#8220;Teko|||on|||||&#8220; header_font_size=&#8220;96px&#8220; header_letter_spacing=&#8220;2px&#8220; header_line_height=&#8220;0.9em&#8220; text_orientation=&#8220;center&#8220; custom_margin=&#8220;|||&#8220; hover_enabled=&#8220;0&#8243; header_font_size_tablet=&#8220;66px&#8220; header_font_size_phone=&#8220;36px&#8220; header_font_size_last_edited=&#8220;on|phone&#8220; sticky_enabled=&#8220;0&#8243;]<\/p>\n<h1 class=\"p-uw-item__header\">Volkswagen Crafter<\/h1>\n<p>SOLD<\/p>\n<p>[\/et_pb_text][\/et_pb_column][\/et_pb_row][\/et_pb_section][et_pb_section fb_built=&#8220;1&#8243; fullwidth=&#8220;on&#8220; _builder_version=&#8220;4.6.1&#8243; bottom_divider_style=&#8220;arrow&#8220; bottom_divider_color=&#8220;#ffffff&#8220; bottom_divider_height_tablet=&#8220;100px&#8220; bottom_divider_height_phone=&#8220;50px&#8220; bottom_divider_height_last_edited=&#8220;on|phone&#8220; animation_style=&#8220;slide&#8220; animation_direction=&#8220;top&#8220; animation_intensity_slide=&#8220;4%&#8220;][et_pb_fullwidth_image src=&#8220;http:\/\/automartin.cz\/wp-content\/uploads\/2022\/04\/DSC_0374-scaled.jpg&#8220; title_text=&#8220;DSC_0374&#8243; _builder_version=&#8220;4.6.1&#8243; hover_enabled=&#8220;0&#8243; filter_saturate=&#8220;0%&#8220; sticky_enabled=&#8220;0&#8243;][\/et_pb_fullwidth_image][\/et_pb_section][et_pb_section fb_built=&#8220;1&#8243; custom_padding_last_edited=&#8220;on|tablet&#8220; admin_label=&#8220;Features&#8220; _builder_version=&#8220;4.6.1&#8243; custom_padding=&#8220;|||&#8220; custom_padding_tablet=&#8220;0px||||false|false&#8220; custom_padding_phone=&#8220;&#8220;][et_pb_row custom_padding_last_edited=&#8220;on|phone&#8220; _builder_version=&#8220;4.6.1&#8243; custom_margin=&#8220;|||&#8220; custom_padding_tablet=&#8220;||0px||false|false&#8220; custom_padding_phone=&#8220;&#8220;][et_pb_column type=&#8220;4_4&#8243; _builder_version=&#8220;4.6.1&#8243; custom_padding=&#8220;|||&#8220; custom_padding__hover=&#8220;|||&#8220;][et_pb_text admin_label=&#8220;Title&#8220; _builder_version=&#8220;4.6.1&#8243; header_font=&#8220;||||||||&#8220; header_3_font=&#8220;Teko||||||||&#8220; header_3_font_size=&#8220;40px&#8220; header_3_line_height=&#8220;1.2em&#8220; custom_margin=&#8220;||15px|&#8220; border_color_all=&#8220;rgba(51,51,51,0.12)&#8220; border_width_bottom=&#8220;1px&#8220;]<\/p>\n<h3>Vehicle information<\/h3>\n<p>[\/et_pb_text][\/et_pb_column][\/et_pb_row][et_pb_row column_structure=&#8220;1_4,1_4,1_4,1_4&#8243; admin_label=&#8220;Main Specs&#8220; _builder_version=&#8220;3.25&#8243;][et_pb_column type=&#8220;1_4&#8243; _builder_version=&#8220;3.25&#8243; custom_padding=&#8220;|||&#8220; custom_padding__hover=&#8220;|||&#8220;][et_pb_blurb title=&#8220;N\u00e1jezd&#8220; _builder_version=&#8220;4.6.1&#8243; header_level=&#8220;h3&#8243; header_font=&#8220;Teko|500|||||||&#8220; body_font=&#8220;Lato||||||||&#8220; body_font_size=&#8220;16px&#8220; body_line_height=&#8220;1.8em&#8220; text_orientation=&#8220;center&#8220;]<\/p>\n<p><span>135\u00a0800 km<\/span><\/p>\n<p>[\/et_pb_blurb][\/et_pb_column][et_pb_column type=&#8220;1_4&#8243; _builder_version=&#8220;3.25&#8243; custom_padding=&#8220;|||&#8220; custom_padding__hover=&#8220;|||&#8220;][et_pb_blurb title=&#8220;Objem&#8220; _builder_version=&#8220;4.6.1&#8243; header_level=&#8220;h3&#8243; header_font=&#8220;Teko|500|||||||&#8220; body_font=&#8220;Lato||||||||&#8220; body_font_size=&#8220;16px&#8220; body_line_height=&#8220;1.8em&#8220; text_orientation=&#8220;center&#8220; locked=&#8220;off&#8220;]<\/p>\n<p><span>1 968 ccm<\/span><\/p>\n<p>[\/et_pb_blurb][\/et_pb_column][et_pb_column type=&#8220;1_4&#8243; _builder_version=&#8220;3.25&#8243; custom_padding=&#8220;|||&#8220; custom_padding__hover=&#8220;|||&#8220;][et_pb_blurb title=&#8220;V\u00fdkon&#8220; _builder_version=&#8220;4.6.1&#8243; header_level=&#8220;h3&#8243; header_font=&#8220;Teko|500|||||||&#8220; body_font=&#8220;Lato||||||||&#8220; body_font_size=&#8220;16px&#8220; body_line_height=&#8220;1.8em&#8220; text_orientation=&#8220;center&#8220; locked=&#8220;off&#8220;]<\/p>\n<p><span>103 kW<\/span><\/p>\n<p>[\/et_pb_blurb][\/et_pb_column][et_pb_column type=&#8220;1_4&#8243; _builder_version=&#8220;3.25&#8243; custom_padding=&#8220;|||&#8220; custom_padding__hover=&#8220;|||&#8220;][et_pb_blurb title=&#8220;Rok v\u00fdroby&#8220; _builder_version=&#8220;4.6.1&#8243; header_level=&#8220;h3&#8243; header_font=&#8220;Teko|500|||||||&#8220; body_font=&#8220;Lato||||||||&#8220; body_font_size=&#8220;16px&#8220; body_line_height=&#8220;1.8em&#8220; text_orientation=&#8220;center&#8220; locked=&#8220;off&#8220;]<\/p>\n<p><span>2017<\/span><\/p>\n<p>[\/et_pb_blurb][\/et_pb_column][\/et_pb_row][et_pb_row _builder_version=&#8220;4.6.1&#8243; custom_margin=&#8220;|||&#8220; custom_padding=&#8220;0|0px|27px|0px|false|false&#8220;][et_pb_column type=&#8220;4_4&#8243; _builder_version=&#8220;3.25&#8243; custom_padding=&#8220;|||&#8220; custom_padding__hover=&#8220;|||&#8220;][et_pb_text _builder_version=&#8220;4.6.1&#8243; text_font=&#8220;Lato||||||||&#8220; text_font_size=&#8220;18px&#8220; text_line_height=&#8220;1.8em&#8220; text_orientation=&#8220;center&#8220; custom_margin=&#8220;43px|||||&#8220; custom_margin_tablet=&#8220;22px||||false|false&#8220; custom_margin_phone=&#8220;&#8220; custom_margin_last_edited=&#8220;on|phone&#8220;]<\/p>\n<p><span>Model 2018, Euro 6, servisn\u00ed kn\u00ed\u017eka,<br \/>Zakoupeno v \u010cesk\u00e9 Republice, kompletn\u00ed servisn\u00ed historie, Nov\u00fd velk\u00fd servis 1\/2022!<br \/>V\u010detn\u011b nov\u00fdch brzd a STK. <\/span><\/p>\n<p><span>Speci\u00e1ln\u00ed v\u00fdbava: audiosyst\u00e9m Composition Audio (r\u00e1dio, SD karty-rozhran\u00ed, MP3 funkce opakovan\u00e9ho p\u0159ehr\u00e1n\u00ed)(mobiln\u00ed telefon rozhran\u00ed Bluetooth), klimatizace Climatic, krytina podlah, \u00a0lo\u017en\u00fd prostor d\u0159evo, n\u00e1razn\u00edk vp\u0159edu v \u0161ed\u00e1, oblo\u017een\u00ed v lo\u017en\u00e9m prostoru\/prostoru pro cest.: d\u0159evo vysok\u00e9, paket Odkl\u00e1dan\u00ed 2 (m\u00edsta odkl.: 2 DIN \u0161achta vp\u0159edu pod oblo\u017een\u00ed stropu, sv\u00edtilny vnit\u0159. v kabina \u0159idi\u010de: lampi\u010dka na \u010dten\u00ed vp\u0159edu), Park-Distance-Control vp\u0159edu a za., rezervn\u00ed kolo s plnohodnotnou pneumatikou v\u010detn\u011b n\u00e1\u0159ad\u00ed a zved\u00e1k vozidla(n\u00e1\u0159ad\u00ed a zved\u00e1k vozidla), r\u00e1diov\u00fd kl\u00ed\u010d (2) skl\u00e1p., sedadla v \u0159idi\u010dov\u011b kabin\u011b: sedadlo \u0159idi\u010de komfort, sp\u00edna\u010d akumul\u00e1toru hlav., stupa\u010dka za. v n\u00e1razn\u00edk integr., sv\u011btlomet LED(sv\u011btlo denn\u00ed potk\u00e1v. LED), zrc\u00e1tko vn\u011bj. el. nastav. a vyh\u0159., z\u00e1v\u011bsy pro dve\u0159e za. s \u00fahel otev\u0159en\u00ed zv\u011bt\u0161en\u00fd. <\/span><\/p>\n<p><span>Zimn\u00ed a letn\u00ed kompletn\u00ed set pneu s disky<\/span><\/p>\n<p>[\/et_pb_text][\/et_pb_column][\/et_pb_row][\/et_pb_section][et_pb_section fb_built=&#8220;1&#8243; admin_label=&#8220;Video&#8220; _builder_version=&#8220;4.6.1&#8243; background_color=&#8220;#f7f7f7&#8243; custom_padding=&#8220;0px||0px||true|false&#8220; box_shadow_style=&#8220;preset7&#8243; box_shadow_horizontal=&#8220;0px&#8220; box_shadow_vertical=&#8220;150px&#8220; box_shadow_color=&#8220;#ffffff&#8220;][et_pb_row _builder_version=&#8220;4.6.1&#8243; _module_preset=&#8220;default&#8220;][et_pb_column type=&#8220;4_4&#8243; _builder_version=&#8220;4.6.1&#8243; _module_preset=&#8220;default&#8220;][\/et_pb_column][\/et_pb_row][\/et_pb_section][et_pb_section fb_built=&#8220;1&#8243; specialty=&#8220;on&#8220; padding_1_tablet=&#8220;&#8220; padding_2_tablet=&#8220;&#8220; padding_1_phone=&#8220;150px|60px|0px|10%|false|false&#8220; padding_2_phone=&#8220;50px||200px||false|false&#8220; padding_1_last_edited=&#8220;on|phone&#8220; padding_2_last_edited=&#8220;on|phone&#8220; admin_label=&#8220;Footer&#8220; _builder_version=&#8220;4.6.1&#8243; _module_preset=&#8220;6344b1a6-ad56-4d0a-badc-217bda7b0327&#8243; bottom_divider_height=&#8220;48px&#8220; bottom_divider_style_tablet=&#8220;&#8220; bottom_divider_style_phone=&#8220;&#8220; bottom_divider_style_last_edited=&#8220;on|phone&#8220; make_fullwidth=&#8220;on&#8220; global_module=&#8220;349&#8243; saved_tabs=&#8220;all&#8220; collapsed=&#8220;on&#8220;][et_pb_column type=&#8220;1_2&#8243; specialty_columns=&#8220;2&#8243; _builder_version=&#8220;3.25&#8243; custom_padding=&#8220;|||&#8220; padding_tablet=&#8220;|0%||0%||true&#8220; padding_last_edited=&#8220;on|desktop&#8220; custom_padding__hover=&#8220;|||&#8220;][et_pb_row_inner _builder_version=&#8220;3.25&#8243; custom_padding=&#8220;0|0px|0|0px|true|false&#8220;][et_pb_column_inner saved_specialty_column_type=&#8220;1_2&#8243; _builder_version=&#8220;3.25&#8243; custom_padding=&#8220;|||&#8220; custom_padding__hover=&#8220;|||&#8220;][et_pb_text _builder_version=&#8220;4.6.1&#8243; text_font=&#8220;Lato||||||||&#8220; text_font_size=&#8220;22px&#8220; text_line_height=&#8220;1.8em&#8220; header_font=&#8220;||||||||&#8220; header_2_font=&#8220;Teko||||||||&#8220; header_2_font_size=&#8220;96px&#8220; background_layout=&#8220;dark&#8220; custom_margin=&#8220;|||&#8220; header_2_font_size_tablet=&#8220;66px&#8220; header_2_font_size_phone=&#8220;36px&#8220; header_2_font_size_last_edited=&#8220;on|phone&#8220; locked=&#8220;off&#8220;]<\/p>\n<h2>GET IN TOUCH<\/h2>\n<p>[\/et_pb_text][et_pb_text _builder_version=&#8220;4.6.1&#8243; text_font=&#8220;Teko|300|||||||&#8220; text_font_size=&#8220;35px&#8220; text_line_height=&#8220;1em&#8220; header_5_font=&#8220;Teko|500|||||||&#8220; header_5_font_size=&#8220;40px&#8220; background_layout=&#8220;dark&#8220; custom_margin=&#8220;|||&#8220; locked=&#8220;off&#8220;]<\/p>\n<h5><img loading=\"lazy\" decoding=\"async\" src=\"https:\/\/test.petrm.com\/wp-content\/uploads\/2021\/01\/vlajky_jazyky_Martin.png\" width=\"236\" height=\"24\" alt=\"\" class=\"wp-image-234 alignnone size-full\" \/><br \/> Martin Klein<\/h5>\n<h1>Tel. \u00a0+420 602 737 777<br \/> automartin@seznam.cz<br \/> automartin@iol.cz<\/h1>\n<p>[\/et_pb_text][et_pb_divider color=&#8220;#ffffff&#8220; divider_position=&#8220;center&#8220; _builder_version=&#8220;4.6.1&#8243; _module_preset=&#8220;default&#8220; custom_margin=&#8220;23px||23px||true|false&#8220;][\/et_pb_divider][et_pb_text _builder_version=&#8220;4.6.1&#8243; text_font=&#8220;Teko|300|||||||&#8220; text_font_size=&#8220;35px&#8220; text_line_height=&#8220;1em&#8220; header_5_font=&#8220;Teko|500|||||||&#8220; header_5_font_size=&#8220;40px&#8220; background_layout=&#8220;dark&#8220; custom_margin=&#8220;|||&#8220; locked=&#8220;off&#8220;]<\/p>\n<h1><\/h1>\n<h1><img loading=\"lazy\" decoding=\"async\" src=\"https:\/\/test.petrm.com\/wp-content\/uploads\/2021\/01\/vlajky_jazyky_Petr2.png\" width=\"236\" height=\"24\" alt=\"\" class=\"wp-image-255 alignnone size-full\" \/><\/h1>\n<h1>Petr Mich\u00e1lek<\/h1>\n<h1>Tel. +420 724 825 465<\/h1>\n<p>[\/et_pb_text][et_pb_divider color=&#8220;#ffffff&#8220; divider_position=&#8220;center&#8220; _builder_version=&#8220;4.6.1&#8243; _module_preset=&#8220;default&#8220; custom_margin=&#8220;23px||23px||true|false&#8220;][\/et_pb_divider][et_pb_text _builder_version=&#8220;4.6.1&#8243; text_font=&#8220;Teko|300|||||||&#8220; text_font_size=&#8220;35px&#8220; text_line_height=&#8220;1em&#8220; header_5_font=&#8220;Teko|500|||||||&#8220; header_5_font_size=&#8220;40px&#8220; background_layout=&#8220;dark&#8220; custom_margin=&#8220;|||&#8220; locked=&#8220;off&#8220;]<\/p>\n<h3><em>Consultant for motorbikes and racing cars<\/em><\/h3>\n<h1><img loading=\"lazy\" decoding=\"async\" src=\"https:\/\/test.petrm.com\/wp-content\/uploads\/2021\/01\/vlajky_jazyky_Petr2.png\" width=\"236\" height=\"24\" alt=\"\" class=\"wp-image-255 alignnone size-full\" \/><\/h1>\n<h1>Petr Klein<\/h1>\n<h1>Tel.\u00a0+420 608 305 588<\/h1>\n<p>[\/et_pb_text][et_pb_divider color=&#8220;#ffffff&#8220; divider_position=&#8220;center&#8220; _builder_version=&#8220;4.6.1&#8243; _module_preset=&#8220;default&#8220; custom_margin=&#8220;23px||23px||true|false&#8220;][\/et_pb_divider][\/et_pb_column_inner][\/et_pb_row_inner][et_pb_row_inner column_structure=&#8220;1_3,1_3,1_3&#8243; use_custom_gutter=&#8220;on&#8220; gutter_width=&#8220;2&#8243; _builder_version=&#8220;4.6.1&#8243; custom_padding=&#8220;3px|||||&#8220;][et_pb_column_inner type=&#8220;1_3&#8243; saved_specialty_column_type=&#8220;1_2&#8243; _builder_version=&#8220;3.25&#8243; custom_padding=&#8220;|||&#8220; custom_padding__hover=&#8220;|||&#8220;][et_pb_text _builder_version=&#8220;4.6.1&#8243; text_font=&#8220;Lato||||||||&#8220; text_font_size=&#8220;18px&#8220; text_line_height=&#8220;1.2em&#8220; header_font=&#8220;||||||||&#8220; header_4_font=&#8220;Teko|600|||||||&#8220; header_4_font_size=&#8220;30px&#8220; background_layout=&#8220;dark&#8220; width=&#8220;100%&#8220; custom_margin=&#8220;|||&#8220; locked=&#8220;off&#8220;]<\/p>\n<h4>Adress<\/h4>\n<p><span class=\"street-address\">Za Ml\u00fdnem 203<\/span><br \/> <span class=\"postal-code\">751 19<\/span><span> <\/span><span class=\"locality\">Vlko\u0161<br \/>Czech Republic<\/span><\/p>\n<p>[\/et_pb_text][\/et_pb_column_inner][et_pb_column_inner type=&#8220;1_3&#8243; saved_specialty_column_type=&#8220;1_2&#8243; _builder_version=&#8220;3.25&#8243; custom_padding=&#8220;|||&#8220; custom_padding__hover=&#8220;|||&#8220;][et_pb_text _builder_version=&#8220;4.6.1&#8243; text_font=&#8220;Lato||||||||&#8220; text_font_size=&#8220;18px&#8220; text_line_height=&#8220;1.2em&#8220; header_font=&#8220;||||||||&#8220; header_4_font=&#8220;Teko|600|||||||&#8220; header_4_font_size=&#8220;30px&#8220; background_layout=&#8220;dark&#8220; custom_margin=&#8220;|||&#8220; locked=&#8220;off&#8220;]<\/p>\n<h4>\u00a0<\/h4>\n<p><span class=\"locality\">I\u010c: 16611268<br \/> DI\u010c: CZ7110155074<\/span><\/p>\n<p>[\/et_pb_text][\/et_pb_column_inner][et_pb_column_inner type=&#8220;1_3&#8243; saved_specialty_column_type=&#8220;1_2&#8243; _builder_version=&#8220;3.25&#8243; custom_padding=&#8220;|||&#8220; custom_padding__hover=&#8220;|||&#8220;][et_pb_text _builder_version=&#8220;4.6.1&#8243; text_font=&#8220;Lato||||||||&#8220; text_font_size=&#8220;18px&#8220; text_line_height=&#8220;1.2em&#8220; header_font=&#8220;||||||||&#8220; header_4_font=&#8220;Teko|600|||||||&#8220; header_4_font_size=&#8220;30px&#8220; background_layout=&#8220;dark&#8220; custom_margin=&#8220;|||&#8220; locked=&#8220;off&#8220;][\/et_pb_text][\/et_pb_column_inner][\/et_pb_row_inner][\/et_pb_column][et_pb_column type=&#8220;1_2&#8243; _builder_version=&#8220;3.25&#8243; background_color=&#8220;#c10f1b&#8220; custom_padding=&#8220;|||&#8220; padding_tablet=&#8220;40px|10%|100px|10%||true&#8220; padding_last_edited=&#8220;on|desktop&#8220; custom_padding__hover=&#8220;|||&#8220;][et_pb_contact_form email=&#8220;info@automartin.cz, automartin@seznam.cz&#8220; title=&#8220;Po\u0161lete n\u00e1m zpr\u00e1vu&#8220; success_message=&#8220;Odesl\u00e1n\u00ed zpr\u00e1vy prob\u011bhlo \u00faspe\u0161n\u011b Co nejd\u0159\u00edve se V\u00e1m ozveme.&#8220; submit_button_text=&#8220;Odeslat&#8220; module_id=&#8220;et_pb_contact_form_0&#8243; module_class=&#8220;napsat&#8220; _builder_version=&#8220;4.6.1&#8243; form_field_background_color=&#8220;rgba(0,0,0,0.15)&#8220; form_field_text_color=&#8220;rgba(255,255,255,0.47)&#8220; form_field_focus_text_color=&#8220;#ffffff&#8220; title_font=&#8220;Teko||||||||&#8220; title_text_color=&#8220;#ffffff&#8220; title_font_size=&#8220;40px&#8220; title_line_height=&#8220;1.2em&#8220; captcha_text_color=&#8220;#FFFFFF&#8220; form_field_font=&#8220;Lato||||||||&#8220; form_field_font_size=&#8220;16px&#8220; custom_button=&#8220;on&#8220; button_text_color=&#8220;#c10f1b&#8220; button_bg_color=&#8220;#ffffff&#8220; button_border_width=&#8220;8px&#8220; button_border_color=&#8220;#ffffff&#8220; button_border_radius=&#8220;0px&#8220; button_letter_spacing=&#8220;4px&#8220; button_font=&#8220;Teko|||on|||||&#8220; button_icon=&#8220;%%3%%&#8220; form_background_color=&#8220;rgba(0,0,0,0.15)&#8220; locked=&#8220;off&#8220;][et_pb_contact_field field_id=&#8220;Jm\u00e9no&#8220; field_title=&#8220;Jm\u00e9no&#8220; fullwidth_field=&#8220;on&#8220; _builder_version=&#8220;4.6.1&#8243; button_text_size__hover_enabled=&#8220;off&#8220; button_one_text_size__hover_enabled=&#8220;off&#8220; button_two_text_size__hover_enabled=&#8220;off&#8220; button_text_color__hover_enabled=&#8220;off&#8220; button_one_text_color__hover_enabled=&#8220;off&#8220; button_two_text_color__hover_enabled=&#8220;off&#8220; button_border_width__hover_enabled=&#8220;off&#8220; button_one_border_width__hover_enabled=&#8220;off&#8220; button_two_border_width__hover_enabled=&#8220;off&#8220; button_border_color__hover_enabled=&#8220;off&#8220; button_one_border_color__hover_enabled=&#8220;off&#8220; button_two_border_color__hover_enabled=&#8220;off&#8220; button_border_radius__hover_enabled=&#8220;off&#8220; button_one_border_radius__hover_enabled=&#8220;off&#8220; button_two_border_radius__hover_enabled=&#8220;off&#8220; button_letter_spacing__hover_enabled=&#8220;off&#8220; button_one_letter_spacing__hover_enabled=&#8220;off&#8220; button_two_letter_spacing__hover_enabled=&#8220;off&#8220; button_bg_color__hover_enabled=&#8220;off&#8220; button_one_bg_color__hover_enabled=&#8220;off&#8220; button_two_bg_color__hover_enabled=&#8220;off&#8220;][\/et_pb_contact_field][et_pb_contact_field field_id=&#8220;Email&#8220; field_title=&#8220;V\u00e1\u0161 email&#8220; field_type=&#8220;email&#8220; fullwidth_field=&#8220;on&#8220; _builder_version=&#8220;4.6.1&#8243; button_text_size__hover_enabled=&#8220;off&#8220; button_one_text_size__hover_enabled=&#8220;off&#8220; button_two_text_size__hover_enabled=&#8220;off&#8220; button_text_color__hover_enabled=&#8220;off&#8220; button_one_text_color__hover_enabled=&#8220;off&#8220; button_two_text_color__hover_enabled=&#8220;off&#8220; button_border_width__hover_enabled=&#8220;off&#8220; button_one_border_width__hover_enabled=&#8220;off&#8220; button_two_border_width__hover_enabled=&#8220;off&#8220; button_border_color__hover_enabled=&#8220;off&#8220; button_one_border_color__hover_enabled=&#8220;off&#8220; button_two_border_color__hover_enabled=&#8220;off&#8220; button_border_radius__hover_enabled=&#8220;off&#8220; button_one_border_radius__hover_enabled=&#8220;off&#8220; button_two_border_radius__hover_enabled=&#8220;off&#8220; button_letter_spacing__hover_enabled=&#8220;off&#8220; button_one_letter_spacing__hover_enabled=&#8220;off&#8220; button_two_letter_spacing__hover_enabled=&#8220;off&#8220; button_bg_color__hover_enabled=&#8220;off&#8220; button_one_bg_color__hover_enabled=&#8220;off&#8220; button_two_bg_color__hover_enabled=&#8220;off&#8220;][\/et_pb_contact_field][et_pb_contact_field field_id=&#8220;telefon&#8220; field_title=&#8220;V\u00e1\u0161 telefon&#8220; required_mark=&#8220;off&#8220; fullwidth_field=&#8220;on&#8220; _builder_version=&#8220;4.6.1&#8243; _module_preset=&#8220;default&#8220;][\/et_pb_contact_field][et_pb_contact_field field_id=&#8220;vuz&#8220; field_title=&#8220;O jak\u00fd v\u016fz \/ motocykl m\u00e1te z\u00e1jem?&#8220; fullwidth_field=&#8220;on&#8220; _builder_version=&#8220;4.6.1&#8243; _module_preset=&#8220;default&#8220;][\/et_pb_contact_field][et_pb_contact_field field_id=&#8220;Message&#8220; field_title=&#8220;Obsah zpr\u00e1vy&#8220; field_type=&#8220;text&#8220; fullwidth_field=&#8220;on&#8220; _builder_version=&#8220;4.6.1&#8243; button_text_size__hover_enabled=&#8220;off&#8220; button_one_text_size__hover_enabled=&#8220;off&#8220; button_two_text_size__hover_enabled=&#8220;off&#8220; button_text_color__hover_enabled=&#8220;off&#8220; button_one_text_color__hover_enabled=&#8220;off&#8220; button_two_text_color__hover_enabled=&#8220;off&#8220; button_border_width__hover_enabled=&#8220;off&#8220; button_one_border_width__hover_enabled=&#8220;off&#8220; button_two_border_width__hover_enabled=&#8220;off&#8220; button_border_color__hover_enabled=&#8220;off&#8220; button_one_border_color__hover_enabled=&#8220;off&#8220; button_two_border_color__hover_enabled=&#8220;off&#8220; button_border_radius__hover_enabled=&#8220;off&#8220; button_one_border_radius__hover_enabled=&#8220;off&#8220; button_two_border_radius__hover_enabled=&#8220;off&#8220; button_letter_spacing__hover_enabled=&#8220;off&#8220; button_one_letter_spacing__hover_enabled=&#8220;off&#8220; button_two_letter_spacing__hover_enabled=&#8220;off&#8220; button_bg_color__hover_enabled=&#8220;off&#8220; button_one_bg_color__hover_enabled=&#8220;off&#8220; button_two_bg_color__hover_enabled=&#8220;off&#8220;][\/et_pb_contact_field][\/et_pb_contact_form][\/et_pb_column][\/et_pb_section]<\/p>","protected":false},"excerpt":{"rendered":"<p>Volkswagen Crafter PROD\u00c1NO Informace o vozidle135\u00a0800 km1 968 ccm103 kW2017Model 2018, Euro 6, servisn\u00ed kn\u00ed\u017eka,Zakoupeno v \u010cesk\u00e9 Republice, kompletn\u00ed servisn\u00ed historie, Nov\u00fd velk\u00fd servis 1\/2022!V\u010detn\u011b nov\u00fdch brzd a STK. Speci\u00e1ln\u00ed v\u00fdbava: audiosyst\u00e9m Composition Audio (r\u00e1dio, SD karty-rozhran\u00ed, MP3 funkce opakovan\u00e9ho p\u0159ehr\u00e1n\u00ed)(mobiln\u00ed telefon rozhran\u00ed Bluetooth), klimatizace Climatic, krytina podlah, \u00a0lo\u017en\u00fd prostor d\u0159evo, n\u00e1razn\u00edk vp\u0159edu v \u0161ed\u00e1, [&hellip;]<\/p>","protected":false},"author":1,"featured_media":0,"parent":0,"menu_order":0,"comment_status":"closed","ping_status":"closed","template":"","meta":{"_acf_changed":false,"_et_pb_use_builder":"on","_et_pb_old_content":"","_et_gb_content_width":"","footnotes":""},"class_list":["post-4944","page","type-page","status-publish","hentry"],"acf":[],"_links":{"self":[{"href":"https:\/\/automartin.cz\/en\/wp-json\/wp\/v2\/pages\/4944","targetHints":{"allow":["GET"]}}],"collection":[{"href":"https:\/\/automartin.cz\/en\/wp-json\/wp\/v2\/pages"}],"about":[{"href":"https:\/\/automartin.cz\/en\/wp-json\/wp\/v2\/types\/page"}],"author":[{"embeddable":true,"href":"https:\/\/automartin.cz\/en\/wp-json\/wp\/v2\/users\/1"}],"replies":[{"embeddable":true,"href":"https:\/\/automartin.cz\/en\/wp-json\/wp\/v2\/comments?post=4944"}],"version-history":[{"count":7,"href":"https:\/\/automartin.cz\/en\/wp-json\/wp\/v2\/pages\/4944\/revisions"}],"predecessor-version":[{"id":6152,"href":"https:\/\/automartin.cz\/en\/wp-json\/wp\/v2\/pages\/4944\/revisions\/6152"}],"wp:attachment":[{"href":"https:\/\/automartin.cz\/en\/wp-json\/wp\/v2\/media?parent=4944"}],"curies":[{"name":"wp","href":"https:\/\/api.w.org\/{rel}","templated":true}]}}